{"id":2880,"date":"2021-03-18T10:52:47","date_gmt":"2021-03-18T03:52:47","guid":{"rendered":"https:\/\/tea.weblamdong.com\/?post_type=product&#038;p=2880"},"modified":"2021-08-25T09:59:50","modified_gmt":"2021-08-25T02:59:50","slug":"ca-phe-nhan","status":"publish","type":"product","link":"https:\/\/vilaba.vn\/vi\/product\/ca-phe-nhan\/","title":{"rendered":"C\u00e0 ph\u00ea nh\u00e2n"},"content":{"rendered":"","protected":false},"excerpt":{"rendered":"","protected":false},"featured_media":2873,"comment_status":"open","ping_status":"closed","template":"","meta":[],"product_cat":[26],"product_tag":[],"yst_prominent_words":[],"_links":{"self":[{"href":"https:\/\/vilaba.vn\/vi\/wp-json\/wp\/v2\/product\/2880\/"}],"collection":[{"href":"https:\/\/vilaba.vn\/vi\/wp-json\/wp\/v2\/product\/"}],"about":[{"href":"https:\/\/vilaba.vn\/vi\/wp-json\/wp\/v2\/types\/product\/"}],"replies":[{"embeddable":true,"href":"https:\/\/vilaba.vn\/vi\/wp-json\/wp\/v2\/comments\/?post=2880"}],"wp:featuredmedia":[{"embeddable":true,"href":"https:\/\/vilaba.vn\/vi\/wp-json\/wp\/v2\/media\/2873\/"}],"wp:attachment":[{"href":"https:\/\/vilaba.vn\/vi\/wp-json\/wp\/v2\/media\/?parent=2880"}],"wp:term":[{"taxonomy":"product_cat","embeddable":true,"href":"https:\/\/vilaba.vn\/vi\/wp-json\/wp\/v2\/product_cat\/?post=2880"},{"taxonomy":"product_tag","embeddable":true,"href":"https:\/\/vilaba.vn\/vi\/wp-json\/wp\/v2\/product_tag\/?post=2880"},{"taxonomy":"yst_prominent_words","embeddable":true,"href":"https:\/\/vilaba.vn\/vi\/wp-json\/wp\/v2\/yst_prominent_words\/?post=2880"}],"curies":[{"name":"wp","href":"https:\/\/api.w.org\/{rel}","templated":true}]}}