{"id":2511,"date":"2021-03-16T12:59:30","date_gmt":"2021-03-16T05:59:30","guid":{"rendered":"https:\/\/tea.weblamdong.com\/?page_id=2511"},"modified":"2021-03-16T12:59:30","modified_gmt":"2021-03-16T05:59:30","slug":"chinh-sach-doi-tra-va-hoan-tien","status":"publish","type":"page","link":"https:\/\/vilaba.vn\/vi\/chinh-sach-doi-tra-va-hoan-tien\/","title":{"rendered":"Ch\u00ednh s\u00e1ch \u0111\u1ed5i tr\u1ea3 v\u00e0 ho\u00e0n ti\u1ec1n"},"content":{"rendered":"","protected":false},"excerpt":{"rendered":"","protected":false},"author":1,"featured_media":0,"parent":0,"menu_order":0,"comment_status":"closed","ping_status":"closed","template":"","meta":[],"yst_prominent_words":[],"_links":{"self":[{"href":"https:\/\/vilaba.vn\/vi\/wp-json\/wp\/v2\/pages\/2511\/"}],"collection":[{"href":"https:\/\/vilaba.vn\/vi\/wp-json\/wp\/v2\/pages\/"}],"about":[{"href":"https:\/\/vilaba.vn\/vi\/wp-json\/wp\/v2\/types\/page\/"}],"author":[{"embeddable":true,"href":"https:\/\/vilaba.vn\/vi\/wp-json\/wp\/v2\/users\/1\/"}],"replies":[{"embeddable":true,"href":"https:\/\/vilaba.vn\/vi\/wp-json\/wp\/v2\/comments\/?post=2511"}],"version-history":[{"count":1,"href":"https:\/\/vilaba.vn\/vi\/wp-json\/wp\/v2\/pages\/2511\/revisions\/"}],"predecessor-version":[{"id":2512,"href":"https:\/\/vilaba.vn\/vi\/wp-json\/wp\/v2\/pages\/2511\/revisions\/2512\/"}],"wp:attachment":[{"href":"https:\/\/vilaba.vn\/vi\/wp-json\/wp\/v2\/media\/?parent=2511"}],"wp:term":[{"taxonomy":"yst_prominent_words","embeddable":true,"href":"https:\/\/vilaba.vn\/vi\/wp-json\/wp\/v2\/yst_prominent_words\/?post=2511"}],"curies":[{"name":"wp","href":"https:\/\/api.w.org\/{rel}","templated":true}]}}