{"id":2938,"date":"2021-06-30T11:44:48","date_gmt":"2021-06-30T04:44:48","guid":{"rendered":"https:\/\/tea.weblamdong.com\/tra-oolong-3\/"},"modified":"2022-12-17T22:59:48","modified_gmt":"2022-12-17T15:59:48","slug":"tra-oolong-3","status":"publish","type":"product","link":"https:\/\/vilaba.vn\/en\/product\/tra-oolong-3\/","title":{"rendered":"Tr\u00e0 Oolong 3"},"content":{"rendered":"<p> Tr\u00e0 oolong \u0111\u01b0\u1ee3c m\u1ec7nh danh l\u00e0 &#8220;Vua c\u1ee7a c\u00e1c lo\u1ea1i tr\u00e0&#8221;, m\u1ed7i danh x\u01b0ng \u0111\u1ec1u \u0111\u01b0\u1ee3c xu\u1ea5t ph\u00e1t t\u1eeb nhi\u1ec1u ngu\u1ed3n g\u1ed1c v\u00e0 l\u1ecbch s\u1eed h\u00ecnh th\u00e0nh kh\u00e1c nhau. V\u1eady tr\u00e0 oolong l\u00e0 lo\u1ea1i tr\u00e0 g\u00ec?  Tr\u00e0 oolong v\u00e0 nh\u1eefng \u0111i\u1ec1u b\u1ea1n n\u00ean bi\u1ebft? Ngu\u1ed3n g\u1ed1c xu\u1ea5t hi\u1ec7n t\u1eeb khi n\u00e0o?<\/p>\n<p>1. Tr\u00e0 oolong l\u00e0 tr\u00e0 g\u00ec?<\/p>\n<p>   Tr\u00e0 oolong l\u00e0 lo\u1ea1i tr\u00e0 g\u00ec? H\u1ea7u h\u1ebft m\u1ecdi ng\u01b0\u1eddi th\u01b0\u1edfng th\u1ee9c tr\u00e0 \u0111\u1ec1u c\u00f3 m\u1ed9t \u0111\u1ecbnh ngh\u0129a v\u1ec1 tr\u00e0 kh\u00e1c nhau, tuy nhi\u00ean v\u1edbi tr\u00e0 oolong \u0111\u01b0\u1ee3c nh\u1eafc \u0111\u1ebfn l\u00e0 m\u1ed9t lo\u1ea1i tr\u00e0 cao c\u1ea5p, c\u00f3 gi\u00e1 th\u00e0nh kh\u00e1 cao tr\u00ean th\u1ecb tr\u01b0\u1eddng. Tr\u00e0 oolong c\u00f3 r\u1ea5t nhi\u1ec1u t\u00ean g\u1ecdi kh\u00e1c nhau nh\u01b0 wulong tr\u00e0, blackgragon tea&#8230;hay ng\u01b0\u1eddi B\u1eafc c\u00f2n g\u1ecdi l\u00e0 ch\u00e8 oolong.<\/p>\n<p><img loading=\"lazy\" class=\"alignnone size-full wp-image-2907\" src=\"https:\/\/tea.weblamdong.com\/wp-content\/uploads\/2021\/06\/tr\u00e0-Oolong-3.jpg\" alt=\"\" width=\"500\" height=\"333\" srcset=\"https:\/\/vilaba.vn\/wp-content\/uploads\/2021\/06\/tr\u00e0-Oolong-3.jpg 500w, https:\/\/vilaba.vn\/wp-content\/uploads\/2021\/06\/tr\u00e0-Oolong-3-300x200.jpg 300w, https:\/\/vilaba.vn\/wp-content\/uploads\/2021\/06\/tr\u00e0-Oolong-3-400x266.jpg 400w\" sizes=\"(max-width: 500px) 100vw, 500px\" \/><\/p>\n","protected":false},"excerpt":{"rendered":"<p>Tr\u00e0 oolong \u0111\u01b0\u1ee3c m\u1ec7nh danh l\u00e0 &#8220;Vua c\u1ee7a c\u00e1c lo\u1ea1i tr\u00e0&#8221;, m\u1ed7i danh x\u01b0ng \u0111\u1ec1u \u0111\u01b0\u1ee3c xu\u1ea5t ph\u00e1t t\u1eeb nhi\u1ec1u ngu\u1ed3n g\u1ed1c v\u00e0 l\u1ecbch s\u1eed h\u00ecnh th\u00e0nh kh\u00e1c nhau. V\u1eady tr\u00e0 oolong l\u00e0 lo\u1ea1i tr\u00e0 g\u00ec? Tr\u00e0 oolong v\u00e0 nh\u1eefng \u0111i\u1ec1u b\u1ea1n n\u00ean bi\u1ebft? Ngu\u1ed3n g\u1ed1c xu\u1ea5t hi\u1ec7n t\u1eeb khi n\u00e0o? 1. Tr\u00e0 oolong l\u00e0 [&#8230;]\n","protected":false},"featured_media":2939,"comment_status":"open","ping_status":"closed","template":"","meta":[],"product_cat":[173,128,128,173],"product_tag":[],"yst_prominent_words":[],"_links":{"self":[{"href":"https:\/\/vilaba.vn\/en\/wp-json\/wp\/v2\/product\/2938\/"}],"collection":[{"href":"https:\/\/vilaba.vn\/en\/wp-json\/wp\/v2\/product\/"}],"about":[{"href":"https:\/\/vilaba.vn\/en\/wp-json\/wp\/v2\/types\/product\/"}],"replies":[{"embeddable":true,"href":"https:\/\/vilaba.vn\/en\/wp-json\/wp\/v2\/comments\/?post=2938"}],"wp:featuredmedia":[{"embeddable":true,"href":"https:\/\/vilaba.vn\/en\/wp-json\/wp\/v2\/media\/2939\/"}],"wp:attachment":[{"href":"https:\/\/vilaba.vn\/en\/wp-json\/wp\/v2\/media\/?parent=2938"}],"wp:term":[{"taxonomy":"product_cat","embeddable":true,"href":"https:\/\/vilaba.vn\/en\/wp-json\/wp\/v2\/product_cat\/?post=2938"},{"taxonomy":"product_tag","embeddable":true,"href":"https:\/\/vilaba.vn\/en\/wp-json\/wp\/v2\/product_tag\/?post=2938"},{"taxonomy":"yst_prominent_words","embeddable":true,"href":"https:\/\/vilaba.vn\/en\/wp-json\/wp\/v2\/yst_prominent_words\/?post=2938"}],"curies":[{"name":"wp","href":"https:\/\/api.w.org\/{rel}","templated":true}]}}